{"id":3448,"date":"2020-08-17T11:09:51","date_gmt":"2020-08-17T09:09:51","guid":{"rendered":"https:\/\/www.tom-schueler.com\/fotografie-blog\/"},"modified":"2023-11-15T16:10:37","modified_gmt":"2023-11-15T15:10:37","slug":"fotografie-blog","status":"publish","type":"page","link":"https:\/\/www.tom-schueler.com\/en\/fotografie-blog\/","title":{"rendered":"Blog"},"content":{"rendered":"<p>[et_pb_section fb_built=&#8221;1&#8243; _builder_version=&#8221;4.22.2&#8243; background_enable_color=&#8221;off&#8221; custom_padding=&#8221;||||false|false&#8221; global_colors_info=&#8221;{}&#8221;][et_pb_row _builder_version=&#8221;4.22.2&#8243; custom_padding=&#8221;||||false|false&#8221; global_colors_info=&#8221;{}&#8221;][et_pb_column type=&#8221;4_4&#8243; _builder_version=&#8221;4.16&#8243; global_colors_info=&#8221;{}&#8221;][et_pb_text _builder_version=&#8221;4.22.2&#8243; header_font=&#8221;|||on|||||&#8221; header_text_align=&#8221;center&#8221; header_font_size=&#8221;40px&#8221; header_letter_spacing=&#8221;0.1em&#8221; header_line_height=&#8221;1.5em&#8221; header_2_font=&#8221;|||on|||||&#8221; header_2_text_align=&#8221;center&#8221; header_2_text_color=&#8221;#ffffff&#8221; header_2_font_size=&#8221;20px&#8221; header_2_letter_spacing=&#8221;12px&#8221; header_2_line_height=&#8221;1.9em&#8221; header_font_size_tablet=&#8221;40px&#8221; header_font_size_phone=&#8221;40px&#8221; header_font_size_last_edited=&#8221;on|tablet&#8221; global_colors_info=&#8221;{}&#8221;]<\/p>\n<h1>Blog<\/h1>\n<p>[\/et_pb_text][\/et_pb_column][\/et_pb_row][\/et_pb_section][et_pb_section fb_built=&#8221;1&#8243; fullwidth=&#8221;on&#8221; admin_label=&#8221;Header Section&#8221; _builder_version=&#8221;4.22.2&#8243; background_enable_color=&#8221;off&#8221; custom_margin=&#8221;||0px||false|false&#8221; custom_padding=&#8221;|||&#8221; hover_enabled=&#8221;0&#8243; global_colors_info=&#8221;{}&#8221; sticky_enabled=&#8221;0&#8243;][et_pb_fullwidth_code _builder_version=&#8221;4.22.2&#8243; hover_enabled=&#8221;0&#8243; global_colors_info=&#8221;{}&#8221; sticky_enabled=&#8221;0&#8243;]\n<div class=\"vp-portfolio vp-uid-b2ca51af vp-id-359 \"\n\tdata-vp-layout=\"tiles\" data-vp-content-source=\"post-based\" data-vp-items-style=\"fade\" data-vp-items-click-action=\"url\" data-vp-items-gap=\"15\" data-vp-items-gap-vertical=\"\" data-vp-pagination=\"paged\" data-vp-next-page-url=\"\" data-vp-tiles-type=\"3|1,0.8|\" >\n\t<div class=\"vp-portfolio__preloader-wrap\">\n\t\t<div class=\"vp-portfolio__preloader\">\n\t\t\t<img decoding=\"async\" loading=\"eager\" src=\"https:\/\/www.tom-schueler.com\/wp-content\/plugins\/visual-portfolio\/assets\/images\/logo-dark.svg\" alt=\"Visual Portfolio, Posts &amp; Image Gallery for WordPress\" width=\"20\" height=\"20\" data-skip-lazy>\n\t\t<\/div>\n\t<\/div>\n\t\t<div class=\"vp-portfolio__items-wrap\">\n\t\t\t\n<div class=\"vp-portfolio__items vp-portfolio__items-style-fade vp-portfolio__items-show-overlay-default\">\n\n\t\t<article\t\tclass=\"vp-portfolio__item-wrap post-3455 post type-post status-publish format-standard has-post-thumbnail hentry category-equipment-en category-photo-tips category-wildlife-en vp-portfolio__item-uid-5e7d172e\" data-vp-filter=\"equipment-en,photo-tips,wildlife-en\" style=\"--vp-images__object-position: 54% 30%;\" \t\t>\n\t\t\t\t\t\t\t\t\t<figure class=\"vp-portfolio__item\">\n\t\t\t\t\n<div class=\"vp-portfolio__item-img-wrap\">\n\t<div class=\"vp-portfolio__item-img\">\n\t\t\t<a\n\t\thref=\"https:\/\/www.tom-schueler.com\/en\/2023\/11\/09\/hitzeflimmern-in-der-naturfotografie\/\"\n\t\t\t>\n\t\n\t\t<img loading=\"lazy\" decoding=\"async\" width=\"2000\" height=\"1333\" src=\"https:\/\/www.tom-schueler.com\/wp-content\/uploads\/2023\/11\/Beispiele-Hitzefilimmern-7104.jpg\" class=\"wp-image-3264\" alt=\"\" srcset=\"https:\/\/www.tom-schueler.com\/wp-content\/uploads\/2023\/11\/Beispiele-Hitzefilimmern-7104.jpg 2000w, https:\/\/www.tom-schueler.com\/wp-content\/uploads\/2023\/11\/Beispiele-Hitzefilimmern-7104-1280x853.jpg 1280w, https:\/\/www.tom-schueler.com\/wp-content\/uploads\/2023\/11\/Beispiele-Hitzefilimmern-7104-980x653.jpg 980w, https:\/\/www.tom-schueler.com\/wp-content\/uploads\/2023\/11\/Beispiele-Hitzefilimmern-7104-480x320.jpg 480w\" sizes=\"(min-width: 0px) and (max-width: 480px) 480px, (min-width: 481px) and (max-width: 980px) 980px, (min-width: 981px) and (max-width: 1280px) 1280px, (min-width: 1281px) 2000px, 100vw\" \/>\n\t\t<\/a>\t<\/div>\n<\/div>\n\t<figcaption class=\"vp-portfolio__item-overlay vp-portfolio__item-overlay-text-align-center\">\n\t\t<div class=\"vp-portfolio__item-meta-wrap vp-portfolio__custom-scrollbar\">\n\t\t\t\t<a\n\t\thref=\"https:\/\/www.tom-schueler.com\/en\/2023\/11\/09\/hitzeflimmern-in-der-naturfotografie\/\"\n\t\ttabindex=\"-1\" class=\"vp-portfolio__item-meta\" \t>\n\t\n<div class=\"vp-portfolio__item-meta-categories\">\n\t\t\t<div class=\"vp-portfolio__item-meta-category\">\n\t\t\t\t<span\t\t\t>\n\tEquipment<\/span>\t\t<\/div>\n\t\t<\/div>\n\n<h2 class=\"vp-portfolio__item-meta-title\">\n\tHeat flickering in nature photography<\/h2>\n<\/a>\t\t<\/div>\n\t<\/figcaption>\n\t\t\t<\/figure>\n\t\t\t\t\t<\/article>\n\t\t\n\t\t<article\t\tclass=\"vp-portfolio__item-wrap post-3482 post type-post status-publish format-standard has-post-thumbnail hentry category-equipment-en vp-portfolio__item-uid-75b7fcc0\" data-vp-filter=\"equipment-en\" \t\t>\n\t\t\t\t\t\t\t\t\t<figure class=\"vp-portfolio__item\">\n\t\t\t\t\n<div class=\"vp-portfolio__item-img-wrap\">\n\t<div class=\"vp-portfolio__item-img\">\n\t\t\t<a\n\t\thref=\"https:\/\/www.tom-schueler.com\/en\/2020\/11\/07\/equipment-checklist-for-your-photo-tour\/\"\n\t\t\t>\n\t\n\t\t<img loading=\"lazy\" decoding=\"async\" width=\"2560\" height=\"1860\" src=\"https:\/\/www.tom-schueler.com\/wp-content\/uploads\/2020\/08\/Ausr81stung-1010259-2560-500.jpg\" class=\"wp-image-1936\" alt=\"\" srcset=\"https:\/\/www.tom-schueler.com\/wp-content\/uploads\/2020\/08\/Ausr81stung-1010259-2560-500.jpg 2560w, https:\/\/www.tom-schueler.com\/wp-content\/uploads\/2020\/08\/Ausr81stung-1010259-2560-500-1280x930.jpg 1280w, https:\/\/www.tom-schueler.com\/wp-content\/uploads\/2020\/08\/Ausr81stung-1010259-2560-500-980x712.jpg 980w, https:\/\/www.tom-schueler.com\/wp-content\/uploads\/2020\/08\/Ausr81stung-1010259-2560-500-480x349.jpg 480w\" sizes=\"(min-width: 0px) and (max-width: 480px) 480px, (min-width: 481px) and (max-width: 980px) 980px, (min-width: 981px) and (max-width: 1280px) 1280px, (min-width: 1281px) 2560px, 100vw\" \/>\n\t\t<\/a>\t<\/div>\n<\/div>\n\t<figcaption class=\"vp-portfolio__item-overlay vp-portfolio__item-overlay-text-align-center\">\n\t\t<div class=\"vp-portfolio__item-meta-wrap vp-portfolio__custom-scrollbar\">\n\t\t\t\t<a\n\t\thref=\"https:\/\/www.tom-schueler.com\/en\/2020\/11\/07\/equipment-checklist-for-your-photo-tour\/\"\n\t\ttabindex=\"-1\" class=\"vp-portfolio__item-meta\" \t>\n\t\n<div class=\"vp-portfolio__item-meta-categories\">\n\t\t\t<div class=\"vp-portfolio__item-meta-category\">\n\t\t\t\t<span\t\t\t>\n\tEquipment<\/span>\t\t<\/div>\n\t\t<\/div>\n\n<h2 class=\"vp-portfolio__item-meta-title\">\n\tEquipment checklist for your photo tour<\/h2>\n<\/a>\t\t<\/div>\n\t<\/figcaption>\n\t\t\t<\/figure>\n\t\t\t\t\t<\/article>\n\t\t\n<\/div>\n\t\t<\/div>\n\t\t\t\t<div class=\"vp-portfolio__layout-elements vp-portfolio__layout-elements-bottom vp-portfolio__layout-elements-align-center\">\n\t\t\t\t<div class=\"vp-portfolio__pagination-wrap\">\n\t\t\t\t<\/div>\n\t\t\t\t<\/div>\n\t\t\n<\/div>\n[\/et_pb_fullwidth_code][\/et_pb_section]<\/p>\n","protected":false},"excerpt":{"rendered":"<p>Do you know the following situation?You&#8217;ve managed to organize a few free hours at short notice and set off on a spontaneous photo excursion. So far, everything is going well and you&#8217;re looking forward to the free time to take photos in nature, when you suddenly realize that you&#8217;ve forgotten something important.For example, the headlamp [&hellip;]<\/p>\n","protected":false},"author":1,"featured_media":0,"parent":0,"menu_order":0,"comment_status":"closed","ping_status":"closed","template":"","meta":{"_et_pb_use_builder":"on","_et_pb_old_content":"<!-- wp:divi\/placeholder \/-->","_et_gb_content_width":"","footnotes":"","_vp_format_video_url":"","_vp_image_focal_point":[]},"yoast_head":"<!-- This site is optimized with the Yoast SEO plugin v21.6 - https:\/\/yoast.com\/wordpress\/plugins\/seo\/ -->\n<title>TOM SCH\u00dcLER OUTDOOR PHOTOGRAPHY - Blog<\/title>\n<meta name=\"description\" content=\"Erfahre mehr \u00fcber mich. Ich informiere dich \u00fcber aktuelle Themen aus dem Bereich Bildbearbeitung, Fotografie usw ...\" \/>\n<meta name=\"robots\" content=\"index, follow, max-snippet:-1, max-image-preview:large, max-video-preview:-1\" \/>\n<link rel=\"canonical\" href=\"https:\/\/www.tom-schueler.com\/en\/fotografie-blog\/\" \/>\n<meta property=\"og:locale\" content=\"en_US\" \/>\n<meta property=\"og:type\" content=\"article\" \/>\n<meta property=\"og:title\" content=\"TOM SCH\u00dcLER OUTDOOR PHOTOGRAPHY - Blog\" \/>\n<meta property=\"og:description\" content=\"Erfahre mehr \u00fcber mich. Ich informiere dich \u00fcber aktuelle Themen aus dem Bereich Bildbearbeitung, Fotografie usw ...\" \/>\n<meta property=\"og:url\" content=\"https:\/\/www.tom-schueler.com\/en\/fotografie-blog\/\" \/>\n<meta property=\"og:site_name\" content=\"TOM SCH\u00dcLER OUTDOOR PHOTOGRAPHY\" \/>\n<meta property=\"article:modified_time\" content=\"2023-11-15T15:10:37+00:00\" \/>\n<meta name=\"twitter:card\" content=\"summary_large_image\" \/>\n<meta name=\"twitter:label1\" content=\"Est. reading time\" \/>\n\t<meta name=\"twitter:data1\" content=\"1 minute\" \/>\n<script type=\"application\/ld+json\" class=\"yoast-schema-graph\">{\"@context\":\"https:\/\/schema.org\",\"@graph\":[{\"@type\":\"WebPage\",\"@id\":\"https:\/\/www.tom-schueler.com\/en\/fotografie-blog\/\",\"url\":\"https:\/\/www.tom-schueler.com\/en\/fotografie-blog\/\",\"name\":\"TOM SCH\u00dcLER OUTDOOR PHOTOGRAPHY - Blog\",\"isPartOf\":{\"@id\":\"https:\/\/www.tom-schueler.com\/en\/#website\"},\"datePublished\":\"2020-08-17T09:09:51+00:00\",\"dateModified\":\"2023-11-15T15:10:37+00:00\",\"description\":\"Erfahre mehr \u00fcber mich. Ich informiere dich \u00fcber aktuelle Themen aus dem Bereich Bildbearbeitung, Fotografie usw ...\",\"breadcrumb\":{\"@id\":\"https:\/\/www.tom-schueler.com\/en\/fotografie-blog\/#breadcrumb\"},\"inLanguage\":\"en-US\",\"potentialAction\":[{\"@type\":\"ReadAction\",\"target\":[\"https:\/\/www.tom-schueler.com\/en\/fotografie-blog\/\"]}]},{\"@type\":\"BreadcrumbList\",\"@id\":\"https:\/\/www.tom-schueler.com\/en\/fotografie-blog\/#breadcrumb\",\"itemListElement\":[{\"@type\":\"ListItem\",\"position\":1,\"name\":\"Startseite\",\"item\":\"https:\/\/www.tom-schueler.com\/en\/\"},{\"@type\":\"ListItem\",\"position\":2,\"name\":\"Blog\"}]},{\"@type\":\"WebSite\",\"@id\":\"https:\/\/www.tom-schueler.com\/en\/#website\",\"url\":\"https:\/\/www.tom-schueler.com\/en\/\",\"name\":\"TOM SCH\u00dcLER PHOTOGRAPHY\",\"description\":\"wildlife photography, landscape photography, fine art prints, wildlife photography coaching\",\"publisher\":{\"@id\":\"https:\/\/www.tom-schueler.com\/en\/#\/schema\/person\/a39044dcc6a3dbf1a89942dd5df2faa3\"},\"potentialAction\":[{\"@type\":\"SearchAction\",\"target\":{\"@type\":\"EntryPoint\",\"urlTemplate\":\"https:\/\/www.tom-schueler.com\/en\/?s={search_term_string}\"},\"query-input\":\"required name=search_term_string\"}],\"inLanguage\":\"en-US\"},{\"@type\":[\"Person\",\"Organization\"],\"@id\":\"https:\/\/www.tom-schueler.com\/en\/#\/schema\/person\/a39044dcc6a3dbf1a89942dd5df2faa3\",\"name\":\"Tom\",\"logo\":{\"@id\":\"https:\/\/www.tom-schueler.com\/en\/#\/schema\/person\/image\/\"}}]}<\/script>\n<!-- \/ Yoast SEO plugin. -->","yoast_head_json":{"title":"TOM SCH\u00dcLER OUTDOOR PHOTOGRAPHY - Blog","description":"Erfahre mehr \u00fcber mich. Ich informiere dich \u00fcber aktuelle Themen aus dem Bereich Bildbearbeitung, Fotografie usw ...","robots":{"index":"index","follow":"follow","max-snippet":"max-snippet:-1","max-image-preview":"max-image-preview:large","max-video-preview":"max-video-preview:-1"},"canonical":"https:\/\/www.tom-schueler.com\/en\/fotografie-blog\/","og_locale":"en_US","og_type":"article","og_title":"TOM SCH\u00dcLER OUTDOOR PHOTOGRAPHY - Blog","og_description":"Erfahre mehr \u00fcber mich. Ich informiere dich \u00fcber aktuelle Themen aus dem Bereich Bildbearbeitung, Fotografie usw ...","og_url":"https:\/\/www.tom-schueler.com\/en\/fotografie-blog\/","og_site_name":"TOM SCH\u00dcLER OUTDOOR PHOTOGRAPHY","article_modified_time":"2023-11-15T15:10:37+00:00","twitter_card":"summary_large_image","twitter_misc":{"Est. reading time":"1 minute"},"schema":{"@context":"https:\/\/schema.org","@graph":[{"@type":"WebPage","@id":"https:\/\/www.tom-schueler.com\/en\/fotografie-blog\/","url":"https:\/\/www.tom-schueler.com\/en\/fotografie-blog\/","name":"TOM SCH\u00dcLER OUTDOOR PHOTOGRAPHY - Blog","isPartOf":{"@id":"https:\/\/www.tom-schueler.com\/en\/#website"},"datePublished":"2020-08-17T09:09:51+00:00","dateModified":"2023-11-15T15:10:37+00:00","description":"Erfahre mehr \u00fcber mich. Ich informiere dich \u00fcber aktuelle Themen aus dem Bereich Bildbearbeitung, Fotografie usw ...","breadcrumb":{"@id":"https:\/\/www.tom-schueler.com\/en\/fotografie-blog\/#breadcrumb"},"inLanguage":"en-US","potentialAction":[{"@type":"ReadAction","target":["https:\/\/www.tom-schueler.com\/en\/fotografie-blog\/"]}]},{"@type":"BreadcrumbList","@id":"https:\/\/www.tom-schueler.com\/en\/fotografie-blog\/#breadcrumb","itemListElement":[{"@type":"ListItem","position":1,"name":"Startseite","item":"https:\/\/www.tom-schueler.com\/en\/"},{"@type":"ListItem","position":2,"name":"Blog"}]},{"@type":"WebSite","@id":"https:\/\/www.tom-schueler.com\/en\/#website","url":"https:\/\/www.tom-schueler.com\/en\/","name":"TOM SCH\u00dcLER PHOTOGRAPHY","description":"wildlife photography, landscape photography, fine art prints, wildlife photography coaching","publisher":{"@id":"https:\/\/www.tom-schueler.com\/en\/#\/schema\/person\/a39044dcc6a3dbf1a89942dd5df2faa3"},"potentialAction":[{"@type":"SearchAction","target":{"@type":"EntryPoint","urlTemplate":"https:\/\/www.tom-schueler.com\/en\/?s={search_term_string}"},"query-input":"required name=search_term_string"}],"inLanguage":"en-US"},{"@type":["Person","Organization"],"@id":"https:\/\/www.tom-schueler.com\/en\/#\/schema\/person\/a39044dcc6a3dbf1a89942dd5df2faa3","name":"Tom","logo":{"@id":"https:\/\/www.tom-schueler.com\/en\/#\/schema\/person\/image\/"}}]}},"_links":{"self":[{"href":"https:\/\/www.tom-schueler.com\/en\/wp-json\/wp\/v2\/pages\/3448"}],"collection":[{"href":"https:\/\/www.tom-schueler.com\/en\/wp-json\/wp\/v2\/pages"}],"about":[{"href":"https:\/\/www.tom-schueler.com\/en\/wp-json\/wp\/v2\/types\/page"}],"author":[{"embeddable":true,"href":"https:\/\/www.tom-schueler.com\/en\/wp-json\/wp\/v2\/users\/1"}],"replies":[{"embeddable":true,"href":"https:\/\/www.tom-schueler.com\/en\/wp-json\/wp\/v2\/comments?post=3448"}],"version-history":[{"count":3,"href":"https:\/\/www.tom-schueler.com\/en\/wp-json\/wp\/v2\/pages\/3448\/revisions"}],"predecessor-version":[{"id":3452,"href":"https:\/\/www.tom-schueler.com\/en\/wp-json\/wp\/v2\/pages\/3448\/revisions\/3452"}],"wp:attachment":[{"href":"https:\/\/www.tom-schueler.com\/en\/wp-json\/wp\/v2\/media?parent=3448"}],"curies":[{"name":"wp","href":"https:\/\/api.w.org\/{rel}","templated":true}]}}